{"id":751,"date":"2022-03-28T14:42:12","date_gmt":"2022-03-28T12:42:12","guid":{"rendered":"https:\/\/www.mayr-daniel.it\/privacy\/"},"modified":"2022-08-16T14:19:41","modified_gmt":"2022-08-16T12:19:41","slug":"privacy","status":"publish","type":"page","link":"https:\/\/www.mayr-daniel.it\/it\/privacy\/","title":{"rendered":"Privacy"},"content":{"rendered":"\t\t<div data-elementor-type=\"wp-page\" data-elementor-id=\"751\" class=\"elementor elementor-751\">\n\t\t\t\t\t\t<section class=\"elementor-section elementor-top-section elementor-element elementor-element-6dd505c7 elementor-section-boxed elementor-section-height-default elementor-section-height-default\" data-id=\"6dd505c7\" data-element_type=\"section\" data-settings=\"{&quot;jet_parallax_layout_list&quot;:[{&quot;jet_parallax_layout_image&quot;:{&quot;url&quot;:&quot;&quot;,&quot;id&quot;:&quot;&quot;,&quot;size&quot;:&quot;&quot;},&quot;_id&quot;:&quot;e481569&quot;,&quot;jet_parallax_layout_speed&quot;:{&quot;unit&quot;:&quot;%&quot;,&quot;size&quot;:&quot;50&quot;,&quot;sizes&quot;:[]},&quot;jet_parallax_layout_bg_x&quot;:&quot;50&quot;,&quot;jet_parallax_layout_bg_y&quot;:&quot;50&quot;,&quot;jet_parallax_layout_image_tablet&quot;:{&quot;url&quot;:&quot;&quot;,&quot;id&quot;:&quot;&quot;,&quot;size&quot;:&quot;&quot;},&quot;jet_parallax_layout_image_mobile&quot;:{&quot;url&quot;:&quot;&quot;,&quot;id&quot;:&quot;&quot;,&quot;size&quot;:&quot;&quot;},&quot;jet_parallax_layout_type&quot;:&quot;scroll&quot;,&quot;jet_parallax_layout_direction&quot;:&quot;1&quot;,&quot;jet_parallax_layout_fx_direction&quot;:null,&quot;jet_parallax_layout_z_index&quot;:&quot;&quot;,&quot;jet_parallax_layout_bg_x_tablet&quot;:&quot;&quot;,&quot;jet_parallax_layout_bg_x_mobile&quot;:&quot;&quot;,&quot;jet_parallax_layout_bg_y_tablet&quot;:&quot;&quot;,&quot;jet_parallax_layout_bg_y_mobile&quot;:&quot;&quot;,&quot;jet_parallax_layout_bg_size&quot;:&quot;auto&quot;,&quot;jet_parallax_layout_bg_size_tablet&quot;:&quot;&quot;,&quot;jet_parallax_layout_bg_size_mobile&quot;:&quot;&quot;,&quot;jet_parallax_layout_animation_prop&quot;:&quot;transform&quot;,&quot;jet_parallax_layout_on&quot;:[&quot;desktop&quot;,&quot;tablet&quot;]}]}\">\n\t\t\t\t\t\t<div class=\"elementor-container elementor-column-gap-no\">\n\t\t\t\t\t<div class=\"elementor-column elementor-col-100 elementor-top-column elementor-element elementor-element-2fc5b559\" data-id=\"2fc5b559\" data-element_type=\"column\">\n\t\t\t<div class=\"elementor-widget-wrap elementor-element-populated\">\n\t\t\t\t\t\t<div class=\"elementor-element elementor-element-27af076f elementor-widget elementor-widget-heading\" data-id=\"27af076f\" data-element_type=\"widget\" data-widget_type=\"heading.default\">\n\t\t\t\t<div class=\"elementor-widget-container\">\n\t\t\t\t\t<h2 class=\"elementor-heading-title elementor-size-default\">Privacy<\/h2>\t\t\t\t<\/div>\n\t\t\t\t<\/div>\n\t\t\t\t<div class=\"elementor-element elementor-element-377ac0a5 elementor-widget elementor-widget-text-editor\" data-id=\"377ac0a5\" data-element_type=\"widget\" data-widget_type=\"text-editor.default\">\n\t\t\t\t<div class=\"elementor-widget-container\">\n\t\t\t\t\t\t\t\t\t<p><strong><a  href=\"#consent-change\" role=\"button\" id=\"rcb-sc-link-change\" data-success-message=\"\" class=\"rcb-sc-link rcb-sc-link-change \">Cambia le impostazioni della privacy<\/a><br \/><\/strong><strong><a  href=\"#consent-revoke\" role=\"button\" id=\"rcb-sc-link-revoke\" data-success-message=\"Hai revocato con successo il tuo consenso. La pagina verr\u00e0 ora ricaricata.\" class=\"rcb-sc-link rcb-sc-link-revoke \">Revoca i consensi<\/a><\/strong><\/p><p><strong>INFORMATIVA AL TRATTAMENTO DEI DATI PERSONALI<br \/>Informativa ai sensi degli artt. 12, 13 e 14 del Regolamento UE 679\/2016<\/strong><\/p><p><strong>Titolare del trattamento<br \/><\/strong>Mayr Daniel &amp; Co.snc<br \/>Zona Artigianale 25, 39039 Villabassa<br \/>Handy: +39 348 3547694<br \/>&#105;&#x6e;&#x66;&#111;&#x40;&#x6d;a&#x79;&#x72;-&#100;&#x61;n&#105;&#x65;l&#46;&#x69;t<br \/>www.mayr-daniel.it<\/p><p><strong>Informazioni sulla privacy \u2013 Sito web<\/strong><\/p><p>Gentile visitatore,<br \/>Siamo lieti di informarvi su come vengono trattati i vostri dati personali quando visitate il nostro sito web. Da questa lettera informativa pu\u00f2 anche vedere quali sono i diritti che pu\u00f2 esercitare in qualit\u00e0 di interessato.<br \/>I vostri dati personali saranno trattati in conformit\u00e0 al Regolamento UE 2016\/679 (Regolamento generale sulla protezione dei dati) e alla legislazione nazionale in materia di protezione dei dati.<br \/>Controlliamo con molta attenzione i link presenti sul nostro sito, tuttavia, non ci assumiamo alcuna responsabilit\u00e0 per il loro contenuto.<br \/>L&#8217;utilizzo del sito web implica l&#8217;accettazione della presente informativa sulla privacy, in caso contrario vi chiediamo di interrompere l&#8217;utilizzo del sito web. La presente informativa sulla privacy pu\u00f2 essere aggiornata in qualsiasi momento.<\/p><p><strong>Finalit\u00e0 del trattamento dei dati personali:<br \/><\/strong>Per garantire la funzionalit\u00e0 del sito web, per scopi statistici, vengono trattati dati tecnici con potenziale riferimento personale, come l&#8217;indirizzo IP, l&#8217;ora delle richieste, il nome del dominio e dati simili (art. 6f GDPR).<\/p><p><strong>Trasmissione di categorie particolari di dati personali<br \/><\/strong>Vi preghiamo di non trasmettere dati sensibili (dati personali di categorie speciali &#8211; art. 9 e art. 10 GDPR) tramite il sito web, ad esempio utilizzando il modulo di contatto.<\/p><p><strong>Base giuridica del trattamento dei dati:<br \/><\/strong>La base giuridica principale per il trattamento \u00e8 l&#8217;art. 6b) GDPR e l&#8217;art. 6f) GDPR (funzionalit\u00e0 del sito web).<\/p><p><strong>Cookie <br \/><\/strong>Questo sito web raccoglie dati personali anche attraverso l&#8217;uso di cookie.<\/p><p>Esistono quattro categorie di cookie:<\/p><ul><li>cookie strettamente necessari &#8211; per la funzionalit\u00e0 di base del sito web.<\/li><li>Cookie funzionali &#8211; per garantire le prestazioni ottimali del sito web, ad esempio il salvataggio della selezione della lingua.<\/li><li>Cookie di prestazione &#8211; per migliorare l&#8217;esperienza dell&#8217;utente, ad esempio per misurare i tempi di caricamento.<\/li><li>Cookie di marketing &#8211; ad esempio per indirizzare gli annunci pubblicitari all&#8217;utente &#8211; Questi cookie sono disattivati per impostazione predefinita sui nostri siti web e vengono attivati solo se l&#8217;utente ci ha dato il suo consenso.<\/li><\/ul><p>La maggior parte dei cookie utilizzati sono &#8220;cookie di sessione&#8221; che vengono eliminati dopo la chiusura del browser. Altri cookie vengono memorizzati, ad esempio per visualizzare la lingua corretta alla successiva visita del sito web.<\/p><p>Per tutti i cookie che non sono soggetti a un interesse legittimo del gestore del sito web (art. 6f) GDPR), vi verr\u00e0 chiesto esplicitamente il vostro consenso.<\/p><p><strong>Fornitura dei dati<\/strong><br \/>Ad eccezione dei dati di navigazione o dei trattamenti soggetti a consenso, solo i dati forniti volontariamente saranno trattati dalla Societ\u00e0. La mancata comunicazione di queste informazioni pu\u00f2 comportare una limitazione dei servizi offerti.<\/p><p><strong>Trasferimento dei dati a terzi<br \/><\/strong>I dati non saranno diffusi se non nei casi previsti dalla legge. Se necessario, i vostri dati possono essere trasmessi a terzi, ma solo nell&#8217;ambito del nostro rapporto commerciale, ad esempio per l&#8217;adempimento di servizi come l&#8217;effettuazione di pagamenti tramite terzi. In linea di principio, non saranno trasferiti in paesi extra-UE senza il vostro esplicito consenso. Ci\u00f2 vale anche per l&#8217;uso della profilazione e delle decisioni automatizzate. Se si utilizza Google Maps: Non si pu\u00f2 escludere che i dati vengano inviati paesi extra-UE; si prega di tenerne conto prima di utilizzare questa applicazione.<\/p><p><strong>Hosting del sito web<br \/><\/strong>Questo sito web \u00e8 ospitato da un for\u0146itore di servizi esterno. A tal fine, \u201cl&#8217;hoster\u201d esterno riceve i dati personali raccolti sul sito web. La base giuridica \u00e8 costituita dall&#8217;art. 6b) GDPR &#8211; misure precontrattuali e dall&#8217;art. 6f) (garanzia di longevit\u00e0 degli strumenti presenti sul nostro sito web). L&#8217;hoster tratta questi dati esclusivamente per l&#8217;adempimento dei propri obblighi di servizio.<\/p><p><strong>Crittografia SSL<br \/><\/strong>Questo sito utilizza la crittografia SSL per motivi di sicurezza e per la sicurezza della trasmissione, ad esempio per le richieste nei moduli di contatto. La crittografia SSL attiva impedisce che i dati che ci trasmettete possano essere letti da terzi.<\/p><p><strong>Visitatori minorenni <br \/><\/strong>Questo sito web non \u00e8 destinato all&#8217;uso da parte di minori. Pertanto, non raccogliamo e memorizziamo dati di visitatori minorenni (se non involontariamente).<\/p><p><strong>Durata della conservazione dei dati:<\/strong> viene misurata in base agli obblighi di conservazione previsti dalla legge e agli obblighi legali a noi applicabili.<\/p><p><strong>Riferimenti ai diritti degli interessati<\/strong><br \/>L&#8217;interessato ha il diritto di ottenere dal titolare del trattamento la conferma dell&#8217;esistenza o meno dei dati personali che lo riguardano; in tal caso, ha il <strong>diritto di accesso <\/strong>ai dati personali (art. 15 GDPR).<br \/>L&#8217;interessato ha il diritto di esigere che la persona titolare <strong>corregga<\/strong> immediatamente i dati personali inesatti che lo riguardano e, se necessario, <strong>completi i<\/strong> dati personali incompleti (art. 16 GDPR).<br \/>L&#8217;interessato ha il diritto di esigere la cancellazione immediata dei dati personali che lo riguardano, qualora ricorra uno dei motivi di cui all&#8217; art. 17 GDPR, ad esempio se i dati non sono pi\u00f9 necessari per gli scopi perseguiti (<strong>diritto alla cancellazione<\/strong>).<br \/>L&#8217;interessato ha il diritto di richiedere al titolare del trattamento<strong> di limitare il trattamento <\/strong>se \u00e8 soddisfatta una delle condizioni di cui all&#8217; articolo 18 del GDPR, ad esempio se l&#8217;interessato si \u00e8 opposto al trattamento.<br \/>L&#8217;interessato ha il diritto di ricevere in un formato strutturato, di uso comune e leggibile da dispositivo automatico i dati personali che lo riguardano forniti a un titolare del trattamento e ha il diritto di trasmettere tali dati a un altro titolare del trattamento senza impedimenti da parte del titolare del trattamento cui li ha forniti per esempio se il trattamento si basi sul consenso dell\u2019 interessato e il trattamento sia effettuato con mezzi automatizzati (<strong>diritto alla portabilit\u00e0 dei dati<\/strong> art. 20 GDPR).<br \/>L&#8217;interessato ha il <strong>diritto di opporsi<\/strong> in qualsiasi momento al trattamento dei dati personali che lo riguardano per motivi connessi alla sua situazione particolare. Il titolare del trattamento non tratta pi\u00f9 i dati personali, a meno che non sia in grado di dimostrare di avere motivi convincenti per un trattamento degno di protezione che superano gli interessi, i diritti e le libert\u00e0 dell&#8217;interessato o che il trattamento serve a far valere, esercitare o difendere un diritto in giudizio (art. 21 GDPR).<br \/>Fatto salvo ogni altro ricorso amministrativo o giurisdizionale, l&#8217;interessato che ritenga che il trattamento che lo riguarda violi il presente regolamento ha il <strong>diritto di proporre reclamo<\/strong> a un&#8217;autorit\u00e0 di controllo (art. 77 GDPR), segnatamente nello Stato membro in cui risiede abitualmente, lavora oppure del luogo ove si \u00e8 verificata la presunta violazione.\u00a0In Italia, l&#8217;autorit\u00e0 di vigilanza competente \u00e8 il Garante per la protezione dei dati personali<\/p>\t\t\t\t\t\t\t\t<\/div>\n\t\t\t\t<\/div>\n\t\t\t\t\t<\/div>\n\t\t<\/div>\n\t\t\t\t\t<\/div>\n\t\t<\/section>\n\t\t\t\t<\/div>\n\t\t","protected":false},"excerpt":{"rendered":"<p>Privacy INFORMATIVA AL TRATTAMENTO DEI DATI PERSONALIInformativa ai sensi degli artt. 12, 13 e 14 del Regolamento UE 679\/2016 Titolare del trattamentoMayr Daniel &amp; Co.sncZona Artigianale 25, 39039 VillabassaHandy: +39 348 3547694&#105;n&#x66;o&#x40;m&#x61;y&#x72;-&#x64;a&#x6e;&#105;&#x65;&#108;&#x2e;&#105;&#x74;www.mayr-daniel.it Informazioni sulla privacy \u2013 Sito web Gentile visitatore,Siamo lieti di informarvi su come vengono trattati i vostri dati personali quando visitate il nostro [&hellip;]<\/p>\n","protected":false},"author":1,"featured_media":0,"parent":0,"menu_order":0,"comment_status":"closed","ping_status":"closed","template":"full-width.php","meta":{"_acf_changed":false,"footnotes":""},"class_list":["post-751","page","type-page","status-publish","hentry"],"acf":[],"_links":{"self":[{"href":"https:\/\/www.mayr-daniel.it\/it\/wp-json\/wp\/v2\/pages\/751","targetHints":{"allow":["GET"]}}],"collection":[{"href":"https:\/\/www.mayr-daniel.it\/it\/wp-json\/wp\/v2\/pages"}],"about":[{"href":"https:\/\/www.mayr-daniel.it\/it\/wp-json\/wp\/v2\/types\/page"}],"author":[{"embeddable":true,"href":"https:\/\/www.mayr-daniel.it\/it\/wp-json\/wp\/v2\/users\/1"}],"replies":[{"embeddable":true,"href":"https:\/\/www.mayr-daniel.it\/it\/wp-json\/wp\/v2\/comments?post=751"}],"version-history":[{"count":0,"href":"https:\/\/www.mayr-daniel.it\/it\/wp-json\/wp\/v2\/pages\/751\/revisions"}],"wp:attachment":[{"href":"https:\/\/www.mayr-daniel.it\/it\/wp-json\/wp\/v2\/media?parent=751"}],"curies":[{"name":"wp","href":"https:\/\/api.w.org\/{rel}","templated":true}]}}